{"id":306,"date":"2016-02-08T11:11:50","date_gmt":"2016-02-08T10:11:50","guid":{"rendered":"http:\/\/the7.io\/marketing-agency\/?page_id=306"},"modified":"2018-01-20T18:29:31","modified_gmt":"2018-01-20T17:29:31","slug":"nieuwsberichten-pixelfixer","status":"publish","type":"page","link":"https:\/\/pixelfixer.nl\/site\/nieuwsberichten-pixelfixer\/","title":{"rendered":"Nieuwsberichten"},"content":{"rendered":"<p>[vc_row][vc_column]<style type=\"text\/css\" data-type=\"the7_shortcodes-inline-css\">.blog-shortcode.blog-masonry-shortcode-id-d2e0658ec7fcbf57c76f7de1415bdf62.dividers-on.classic-layout-list article {\n  padding-top: 0;\n}\n.blog-shortcode.blog-masonry-shortcode-id-d2e0658ec7fcbf57c76f7de1415bdf62.dividers-on.classic-layout-list article:first-of-type {\n  margin-top: 0;\n  padding-top: 0;\n}\n.blog-shortcode.blog-masonry-shortcode-id-d2e0658ec7fcbf57c76f7de1415bdf62.classic-layout-list.mode-list .post-entry-content {\n  width: calc(100% - );\n}\n.blog-shortcode.blog-masonry-shortcode-id-d2e0658ec7fcbf57c76f7de1415bdf62.classic-layout-list.mode-list .no-img .post-entry-content {\n  width: 100%;\n}\n.blog-shortcode.blog-masonry-shortcode-id-d2e0658ec7fcbf57c76f7de1415bdf62 .filter-bg-decoration .filter-categories a.act {\n  color: #fff;\n}\n.blog-shortcode.blog-masonry-shortcode-id-d2e0658ec7fcbf57c76f7de1415bdf62:not(.mode-masonry) article:first-of-type,\n.blog-shortcode.blog-masonry-shortcode-id-d2e0658ec7fcbf57c76f7de1415bdf62:not(.mode-masonry) article.visible.first:not(.product) {\n  margin-top: 0;\n}\n.blog-shortcode.blog-masonry-shortcode-id-d2e0658ec7fcbf57c76f7de1415bdf62.dividers-on:not(.mode-masonry) article {\n  margin-top: 0;\n}\n.blog-shortcode.blog-masonry-shortcode-id-d2e0658ec7fcbf57c76f7de1415bdf62.dividers-on:not(.mode-masonry) article:first-of-type,\n.blog-shortcode.blog-masonry-shortcode-id-d2e0658ec7fcbf57c76f7de1415bdf62.dividers-on:not(.mode-masonry) article.visible.first:not(.product) {\n  margin-top: 0;\n  padding-top: 0;\n}\n.blog-shortcode.blog-masonry-shortcode-id-d2e0658ec7fcbf57c76f7de1415bdf62 .post-thumbnail-wrap {\n  padding: 0px 0px 0px 0px;\n}\n.blog-shortcode.blog-masonry-shortcode-id-d2e0658ec7fcbf57c76f7de1415bdf62.enable-bg-rollover .post-thumbnail-rollover:after {\n  background: -webkit-linear-gradient();\n  background: linear-gradient();\n}\n.blog-shortcode.blog-masonry-shortcode-id-d2e0658ec7fcbf57c76f7de1415bdf62 .gallery-zoom-ico {\n  width: 44px;\n  height: 44px;\n  line-height: 44px;\n  border-radius: 100px;\n  margin: -22px 0 0 -22px;\n  border-width: 0px;\n  color: #ffffff;\n}\n.bottom-overlap-layout-list.blog-shortcode.blog-masonry-shortcode-id-d2e0658ec7fcbf57c76f7de1415bdf62 .gallery-zoom-ico {\n  margin-top: -72px;\n}\n.gradient-overlay-layout-list.blog-shortcode.blog-masonry-shortcode-id-d2e0658ec7fcbf57c76f7de1415bdf62 .gallery-zoom-ico,\n.content-rollover-layout-list.blog-shortcode.blog-masonry-shortcode-id-d2e0658ec7fcbf57c76f7de1415bdf62 .gallery-zoom-ico {\n  margin: 0 0 10px;\n}\n.content-align-center.gradient-overlay-layout-list.blog-shortcode.blog-masonry-shortcode-id-d2e0658ec7fcbf57c76f7de1415bdf62 .gallery-zoom-ico,\n.content-align-center.content-rollover-layout-list.blog-shortcode.blog-masonry-shortcode-id-d2e0658ec7fcbf57c76f7de1415bdf62 .gallery-zoom-ico {\n  margin: 0 auto 10px;\n}\n.dt-icon-bg-on.blog-shortcode.blog-masonry-shortcode-id-d2e0658ec7fcbf57c76f7de1415bdf62 .gallery-zoom-ico {\n  background: rgba(255,255,255,0.3);\n  box-shadow: none;\n}\n.blog-shortcode.blog-masonry-shortcode-id-d2e0658ec7fcbf57c76f7de1415bdf62 .gallery-zoom-ico > span,\n.blog-shortcode.blog-masonry-shortcode-id-d2e0658ec7fcbf57c76f7de1415bdf62 .gallery-zoom-ico:before {\n  font-size: 32px;\n  line-height: 44px;\n}\n.blog-shortcode.blog-masonry-shortcode-id-d2e0658ec7fcbf57c76f7de1415bdf62 .gallery-zoom-ico > span,\n.blog-shortcode.blog-masonry-shortcode-id-d2e0658ec7fcbf57c76f7de1415bdf62 .gallery-zoom-ico:before {\n  color: #ffffff;\n}\n.blog-shortcode.blog-masonry-shortcode-id-d2e0658ec7fcbf57c76f7de1415bdf62 .entry-title,\n.blog-shortcode.blog-masonry-shortcode-id-d2e0658ec7fcbf57c76f7de1415bdf62.owl-carousel .entry-title {\n  margin-bottom: 5px;\n  font-weight: bold;\n}\n.blog-shortcode.blog-masonry-shortcode-id-d2e0658ec7fcbf57c76f7de1415bdf62 .entry-meta {\n  margin-bottom: 15px;\n}\n.blog-shortcode.blog-masonry-shortcode-id-d2e0658ec7fcbf57c76f7de1415bdf62 .portfolio-categories {\n  margin-bottom: 15px;\n}\n.blog-shortcode.blog-masonry-shortcode-id-d2e0658ec7fcbf57c76f7de1415bdf62 .entry-excerpt {\n  margin-bottom: 5px;\n}\n.blog-shortcode.blog-masonry-shortcode-id-d2e0658ec7fcbf57c76f7de1415bdf62:not(.centered-layout-list) .post-entry-content {\n  padding: 25px 30px 30px 30px;\n}\n.blog-shortcode.blog-masonry-shortcode-id-d2e0658ec7fcbf57c76f7de1415bdf62:not(.centered-layout-list):not(.content-bg-on):not(.mode-list) .no-img .post-entry-content {\n  padding: 0;\n}\n@media screen and (max-width: ) {\n  .blog-shortcode.blog-masonry-shortcode-id-d2e0658ec7fcbf57c76f7de1415bdf62 article {\n    -ms-flex-flow: column nowrap;\n    flex-flow: column nowrap;\n    margin-top: 20px;\n  }\n  .blog-shortcode.blog-masonry-shortcode-id-d2e0658ec7fcbf57c76f7de1415bdf62.dividers-on article {\n    border: none;\n  }\n  .blog-shortcode.blog-masonry-shortcode-id-d2e0658ec7fcbf57c76f7de1415bdf62.content-bg-on.centered-layout-list article {\n    padding: 0;\n  }\n  .blog-shortcode.blog-masonry-shortcode-id-d2e0658ec7fcbf57c76f7de1415bdf62.blog-shortcode.dividers-on article,\n  .blog-shortcode.blog-masonry-shortcode-id-d2e0658ec7fcbf57c76f7de1415bdf62.dividers-on.classic-layout-list article {\n    margin-top: 20px;\n    padding: 0;\n  }\n  .blog-shortcode.blog-masonry-shortcode-id-d2e0658ec7fcbf57c76f7de1415bdf62.blog-shortcode.dividers-on article:first-of-type,\n  .blog-shortcode.blog-masonry-shortcode-id-d2e0658ec7fcbf57c76f7de1415bdf62.dividers-on.classic-layout-list article:first-of-type {\n    padding: 0;\n  }\n  #page .blog-shortcode.blog-masonry-shortcode-id-d2e0658ec7fcbf57c76f7de1415bdf62 .post-thumbnail-wrap,\n  #page .blog-shortcode.blog-masonry-shortcode-id-d2e0658ec7fcbf57c76f7de1415bdf62 .post-entry-content {\n    width: 100%;\n    margin: 0;\n    top: 0;\n  }\n  #page .blog-shortcode.blog-masonry-shortcode-id-d2e0658ec7fcbf57c76f7de1415bdf62 .post-thumbnail-wrap {\n    padding: 0;\n  }\n  #page .blog-shortcode.blog-masonry-shortcode-id-d2e0658ec7fcbf57c76f7de1415bdf62 .post-entry-content:after {\n    display: none;\n  }\n  #page .blog-shortcode.blog-masonry-shortcode-id-d2e0658ec7fcbf57c76f7de1415bdf62 .project-even .post-thumbnail-wrap,\n  #page .blog-shortcode.blog-masonry-shortcode-id-d2e0658ec7fcbf57c76f7de1415bdf62.centered-layout-list .post-thumbnail-wrap {\n    -ms-flex-order: 0;\n    order: 0;\n  }\n  #page .blog-shortcode.blog-masonry-shortcode-id-d2e0658ec7fcbf57c76f7de1415bdf62.centered-layout-list .post-entry-title-content {\n    -ms-flex-order: 1;\n    order: 1;\n    width: 100%;\n    padding: 20px 20px 0;\n  }\n  #page .blog-shortcode.blog-masonry-shortcode-id-d2e0658ec7fcbf57c76f7de1415bdf62.centered-layout-list .post-entry-content {\n    -ms-flex-order: 2;\n    order: 2;\n    padding-top: 0;\n  }\n  #page .blog-shortcode.blog-masonry-shortcode-id-d2e0658ec7fcbf57c76f7de1415bdf62 .fancy-categories {\n    top: 10px;\n    left: 10px;\n    bottom: auto;\n    right: auto;\n  }\n  #page .blog-shortcode.blog-masonry-shortcode-id-d2e0658ec7fcbf57c76f7de1415bdf62 .fancy-date a {\n    top: 10px;\n    right: 10px;\n    left: auto;\n    bottom: auto;\n  }\n  #page .blog-shortcode.blog-masonry-shortcode-id-d2e0658ec7fcbf57c76f7de1415bdf62 .post-entry-content {\n    padding: 20px;\n  }\n  #page .blog-shortcode.blog-masonry-shortcode-id-d2e0658ec7fcbf57c76f7de1415bdf62 .entry-title {\n    margin: 3px 0 5px;\n    font-size: 20px;\n    line-height: 26px;\n  }\n  #page .blog-shortcode.blog-masonry-shortcode-id-d2e0658ec7fcbf57c76f7de1415bdf62 .entry-meta {\n    margin: 5px 0 5px;\n  }\n  #page .blog-shortcode.blog-masonry-shortcode-id-d2e0658ec7fcbf57c76f7de1415bdf62 .entry-excerpt {\n    margin: 15px 0 0;\n  }\n  #page .blog-shortcode.blog-masonry-shortcode-id-d2e0658ec7fcbf57c76f7de1415bdf62 .post-details {\n    margin: 5px 0 10px;\n  }\n  #page .blog-shortcode.blog-masonry-shortcode-id-d2e0658ec7fcbf57c76f7de1415bdf62 .post-details.details-type-link {\n    margin-bottom: 2px;\n  }\n}\n.blog-shortcode.blog-masonry-shortcode-id-d2e0658ec7fcbf57c76f7de1415bdf62:not(.resize-by-browser-width) .dt-css-grid {\n  grid-row-gap: 30px;\n  grid-column-gap: 30px;\n  grid-template-columns: repeat(auto-fill,minmax(,1fr));\n}\n.blog-shortcode.blog-masonry-shortcode-id-d2e0658ec7fcbf57c76f7de1415bdf62:not(.resize-by-browser-width) .dt-css-grid .double-width {\n  grid-column: span 2;\n}\n.cssgridlegacy.no-cssgrid .blog-shortcode.blog-masonry-shortcode-id-d2e0658ec7fcbf57c76f7de1415bdf62:not(.resize-by-browser-width) .dt-css-grid,\n.no-cssgridlegacy.no-cssgrid .blog-shortcode.blog-masonry-shortcode-id-d2e0658ec7fcbf57c76f7de1415bdf62:not(.resize-by-browser-width) .dt-css-grid {\n  display: flex;\n  flex-flow: row wrap;\n  margin: -15px;\n}\n.cssgridlegacy.no-cssgrid .blog-shortcode.blog-masonry-shortcode-id-d2e0658ec7fcbf57c76f7de1415bdf62:not(.resize-by-browser-width) .dt-css-grid .wf-cell,\n.no-cssgridlegacy.no-cssgrid .blog-shortcode.blog-masonry-shortcode-id-d2e0658ec7fcbf57c76f7de1415bdf62:not(.resize-by-browser-width) .dt-css-grid .wf-cell {\n  flex: 1 0 ;\n  max-width: 100%;\n  padding: 15px;\n  box-sizing: border-box;\n}\n.blog-shortcode.blog-masonry-shortcode-id-d2e0658ec7fcbf57c76f7de1415bdf62.resize-by-browser-width .dt-css-grid {\n  grid-template-columns: repeat(3,1fr);\n  grid-template-rows: auto;\n  grid-column-gap: 30px;\n  grid-row-gap: 30px;\n}\n.blog-shortcode.blog-masonry-shortcode-id-d2e0658ec7fcbf57c76f7de1415bdf62.resize-by-browser-width .dt-css-grid .double-width {\n  grid-column: span 2;\n}\n.cssgridlegacy.no-cssgrid .blog-shortcode.blog-masonry-shortcode-id-d2e0658ec7fcbf57c76f7de1415bdf62.resize-by-browser-width .dt-css-grid {\n  margin: -15px;\n}\n.cssgridlegacy.no-cssgrid .blog-shortcode.blog-masonry-shortcode-id-d2e0658ec7fcbf57c76f7de1415bdf62.resize-by-browser-width .dt-css-grid .wf-cell {\n  width: 33.333333333333%;\n  padding: 15px;\n}\n.cssgridlegacy.no-cssgrid .blog-shortcode.blog-masonry-shortcode-id-d2e0658ec7fcbf57c76f7de1415bdf62.resize-by-browser-width .dt-css-grid .wf-cell.double-width {\n  width: calc(33.333333333333%) * 2;\n}\n.blog-shortcode.blog-masonry-shortcode-id-d2e0658ec7fcbf57c76f7de1415bdf62.resize-by-browser-width:not(.centered-layout-list):not(.content-bg-on) .dt-css-grid {\n  grid-row-gap: 0px;\n}\n@media screen and (max-width: 1199px) {\n  .blog-shortcode.blog-masonry-shortcode-id-d2e0658ec7fcbf57c76f7de1415bdf62.resize-by-browser-width .dt-css-grid {\n    grid-template-columns: repeat(2,1fr);\n  }\n  .cssgridlegacy.no-cssgrid .blog-shortcode.blog-masonry-shortcode-id-d2e0658ec7fcbf57c76f7de1415bdf62.resize-by-browser-width .dt-css-grid .wf-cell,\n  .no-cssgridlegacy.no-cssgrid .blog-shortcode.blog-masonry-shortcode-id-d2e0658ec7fcbf57c76f7de1415bdf62.resize-by-browser-width .dt-css-grid .wf-cell {\n    width: 50%;\n  }\n  .cssgridlegacy.no-cssgrid .blog-shortcode.blog-masonry-shortcode-id-d2e0658ec7fcbf57c76f7de1415bdf62.resize-by-browser-width .dt-css-grid .wf-cell.double-width,\n  .no-cssgridlegacy.no-cssgrid .blog-shortcode.blog-masonry-shortcode-id-d2e0658ec7fcbf57c76f7de1415bdf62.resize-by-browser-width .dt-css-grid .wf-cell.double-width {\n    width: calc(50%)*2;\n  }\n}\n@media screen and (max-width: 991px) {\n  .blog-shortcode.blog-masonry-shortcode-id-d2e0658ec7fcbf57c76f7de1415bdf62.resize-by-browser-width .dt-css-grid {\n    grid-template-columns: repeat(2,1fr);\n  }\n  .cssgridlegacy.no-cssgrid .blog-shortcode.blog-masonry-shortcode-id-d2e0658ec7fcbf57c76f7de1415bdf62.resize-by-browser-width .dt-css-grid .wf-cell,\n  .no-cssgridlegacy.no-cssgrid .blog-shortcode.blog-masonry-shortcode-id-d2e0658ec7fcbf57c76f7de1415bdf62.resize-by-browser-width .dt-css-grid .wf-cell {\n    width: 50%;\n  }\n  .cssgridlegacy.no-cssgrid .blog-shortcode.blog-masonry-shortcode-id-d2e0658ec7fcbf57c76f7de1415bdf62.resize-by-browser-width .dt-css-grid .wf-cell.double-width,\n  .no-cssgridlegacy.no-cssgrid .blog-shortcode.blog-masonry-shortcode-id-d2e0658ec7fcbf57c76f7de1415bdf62.resize-by-browser-width .dt-css-grid .wf-cell.double-width {\n    width: calc(50%)*2;\n  }\n}\n@media screen and (max-width: 767px) {\n  .blog-shortcode.blog-masonry-shortcode-id-d2e0658ec7fcbf57c76f7de1415bdf62.resize-by-browser-width .dt-css-grid {\n    grid-template-columns: repeat(1,1fr);\n  }\n  .blog-shortcode.blog-masonry-shortcode-id-d2e0658ec7fcbf57c76f7de1415bdf62.resize-by-browser-width .dt-css-grid .double-width {\n    grid-column: span 1;\n  }\n  .cssgridlegacy.no-cssgrid .blog-shortcode.blog-masonry-shortcode-id-d2e0658ec7fcbf57c76f7de1415bdf62.resize-by-browser-width .dt-css-grid .wf-cell,\n  .no-cssgridlegacy.no-cssgrid .blog-shortcode.blog-masonry-shortcode-id-d2e0658ec7fcbf57c76f7de1415bdf62.resize-by-browser-width .dt-css-grid .wf-cell {\n    width: 100%;\n  }\n  .cssgridlegacy.no-cssgrid .blog-shortcode.blog-masonry-shortcode-id-d2e0658ec7fcbf57c76f7de1415bdf62.resize-by-browser-width .dt-css-grid .wf-cell.double-width,\n  .no-cssgridlegacy.no-cssgrid .blog-shortcode.blog-masonry-shortcode-id-d2e0658ec7fcbf57c76f7de1415bdf62.resize-by-browser-width .dt-css-grid .wf-cell.double-width {\n    width: calc(100%)*2;\n  }\n}<\/style><div class=\"blog-shortcode blog-masonry-shortcode-id-d2e0658ec7fcbf57c76f7de1415bdf62 mode-grid classic-layout-list content-bg-on jquery-filter vertical-fancy-style scale-img dt-css-grid-wrap dt-icon-bg-off resize-by-browser-width loading-effect-fade-in description-under-image \" data-padding=\"15px\" data-cur-page=\"1\" data-post-limit=\"6\" data-pagination-mode=\"load-more\" aria-live=\"assertive\" data-desktop-columns-num=\"3\" data-v-tablet-columns-num=\"2\" data-h-tablet-columns-num=\"2\" data-phone-columns-num=\"1\" data-width=\"0px\" data-columns=\"0\"><div class=\"dt-css-grid\" ><div class=\"visible wf-cell\" data-post-id=\"3017\" data-date=\"2019-01-27T17:25:49+01:00\" data-name=\"Sollicitatie tip: je CV \/ LinkedIn foto\"><article class=\"post project-odd visible post-3017 type-post status-publish format-standard has-post-thumbnail hentry category-nieuws tag-sollicitatiebrief-solliciteren-sollicitatie-tips-linkedin-innercircle-eerste-indruk-cv-foto-profielfoto-pixelfixer-nl category-17\" data-name=\"Sollicitatie tip: je CV \/ LinkedIn foto\" data-date=\"2019-01-27T17:25:49+01:00\">\n\n<div class=\"post-thumbnail-wrap\">\n\t<div class=\"post-thumbnail\">\n\t\t\n\t\t\n\t\t<a href=\"https:\/\/pixelfixer.nl\/site\/sollicitatie-tip-cv-foto-linkedin\/\" class=\"post-thumbnail-rollover layzr-bg layzr-bg\" ><img fetchpriority=\"high\" decoding=\"async\" class=\"iso-lazy-load preload-me iso-lazy-load aspect\" src=\"data:image\/svg+xml,%3Csvg%20xmlns%3D&#39;http%3A%2F%2Fwww.w3.org%2F2000%2Fsvg&#39;%20viewBox%3D&#39;0%200%20768%20512&#39;%2F%3E\" data-src=\"https:\/\/pixelfixer.nl\/site\/wp-content\/uploads\/2019\/01\/sollicitatie-tip-pixelfixer.nl_-768x512.jpg\" data-srcset=\"https:\/\/pixelfixer.nl\/site\/wp-content\/uploads\/2019\/01\/sollicitatie-tip-pixelfixer.nl_-768x512.jpg 768w, https:\/\/pixelfixer.nl\/site\/wp-content\/uploads\/2019\/01\/sollicitatie-tip-pixelfixer.nl_-1080x720.jpg 1080w\" loading=\"eager\" style=\"--ratio: 768 \/ 512\" sizes=\"(max-width: 768px) 100vw, 768px\" alt=\"Sollicitatie tip: de beste eerste indruk met je CV foto\" title=\"Sollicitatie tip: de beste eerste indruk met je CV foto\" width=\"768\" height=\"512\"  \/><\/a>\t<\/div>\n<\/div>\n\n\n<div class=\"post-entry-content\">\n\n\t<h3 class=\"entry-title\">\n\t\t<a href=\"https:\/\/pixelfixer.nl\/site\/sollicitatie-tip-cv-foto-linkedin\/\" title=\"Sollicitatie tip: je CV \/ LinkedIn foto\" rel=\"bookmark\">Sollicitatie tip: je CV \/ LinkedIn foto<\/a>\n\t<\/h3>\n\n\t<div class=\"entry-meta\"><span class=\"category-link\"><a href=\"https:\/\/pixelfixer.nl\/site\/category\/nieuws\/\" >Nieuws<\/a><\/span><a href=\"https:\/\/pixelfixer.nl\/site\/sollicitatie-tip-cv-foto-linkedin\/#respond\" class=\"comment-link\" >Laat een reactie achter<\/a><\/div>\n\t<div class=\"entry-excerpt\"><p>Een eerste indruk kunt u maar \u00e9\u00e9n keer maken en die is z\u00f3 belangrijk! Zie bovenstaande video. De eerste indruk bepaalt of iemand verder met u wil. Mensen zitten nu eenmaal vrij simpel in elkaar. Denk hierbij bijvoorbeeld aan uw: &nbsp; CV foto LinkedIn profielfoto Instagram Facebook Twitter Bedrijfspagina&#8217;s Dating apps. &nbsp; PixelFixer is gespecialiseerd&hellip;<\/p>\n<\/div>\n\t\n<a href=\"https:\/\/pixelfixer.nl\/site\/sollicitatie-tip-cv-foto-linkedin\/\" class=\"dt-btn-s dt-btn post-details details-type-btn\" aria-label=\"Read more about Sollicitatie tip: je CV \/ LinkedIn foto\">Read article<i class=\"dt-icon-the7-arrow-03\" aria-hidden=\"true\"><\/i><\/a>\n\n<\/div><\/article><\/div><div class=\"visible wf-cell\" data-post-id=\"2972\" data-date=\"2018-02-06T15:42:12+01:00\" data-name=\"Nu nog beter vindbaar!\"><article class=\"post project-odd visible post-2972 type-post status-publish format-standard has-post-thumbnail hentry category-nieuws tag-domeinnamen-domeinen-pixelfixer-nl-foto-herstellen-nl-foto-bewerking-nl-foto-repareren-herstellen-fotobewerking-vindbaarheid category-17\" data-name=\"Nu nog beter vindbaar!\" data-date=\"2018-02-06T15:42:12+01:00\">\n\n<div class=\"post-thumbnail-wrap\">\n\t<div class=\"post-thumbnail\">\n\t\t\n\t\t\n\t\t<a href=\"https:\/\/pixelfixer.nl\/site\/nu-nog-beter-vindbaar\/\" class=\"post-thumbnail-rollover layzr-bg layzr-bg\" ><img decoding=\"async\" class=\"iso-lazy-load preload-me iso-lazy-load aspect\" src=\"data:image\/svg+xml,%3Csvg%20xmlns%3D&#39;http%3A%2F%2Fwww.w3.org%2F2000%2Fsvg&#39;%20viewBox%3D&#39;0%200%20768%20512&#39;%2F%3E\" data-src=\"https:\/\/pixelfixer.nl\/site\/wp-content\/uploads\/2018\/02\/extra-domains-2018-768x512.jpg\" data-srcset=\"https:\/\/pixelfixer.nl\/site\/wp-content\/uploads\/2018\/02\/extra-domains-2018-768x512.jpg 768w, https:\/\/pixelfixer.nl\/site\/wp-content\/uploads\/2018\/02\/extra-domains-2018.jpg 1080w\" loading=\"eager\" style=\"--ratio: 768 \/ 512\" sizes=\"(max-width: 768px) 100vw, 768px\" alt=\"PixelFixer.nl nu ook foto-herstellen.nl \/ foto-bewerking.nl \/ foto-repareren.nl\" title=\"PixelFixer.nl \/ Foto-herstellen.nl \/ Foto-bewerking.nl \/ Foto-repareren.nl\" width=\"768\" height=\"512\"  \/><\/a>\t<\/div>\n<\/div>\n\n\n<div class=\"post-entry-content\">\n\n\t<h3 class=\"entry-title\">\n\t\t<a href=\"https:\/\/pixelfixer.nl\/site\/nu-nog-beter-vindbaar\/\" title=\"Nu nog beter vindbaar!\" rel=\"bookmark\">Nu nog beter vindbaar!<\/a>\n\t<\/h3>\n\n\t<div class=\"entry-meta\"><span class=\"category-link\"><a href=\"https:\/\/pixelfixer.nl\/site\/category\/nieuws\/\" >Nieuws<\/a><\/span><a href=\"https:\/\/pixelfixer.nl\/site\/nu-nog-beter-vindbaar\/#respond\" class=\"comment-link\" >Laat een reactie achter<\/a><\/div>\n\t<div class=\"entry-excerpt\"><p>PixelFixer.nl is voor velen al jaren het vertrouwde adres voor het herstellen \/ repareren en bewerken van foto&#8217;s. Maar nu zijn we nog beter vindbaar via drie extra domeinen: PixelFixer specialiseert zich nu al bijna 12 jaar vooral in het herstellen van oude, verkleurde en beschadigde foto&#8217;s waar anderen opgeven. Dit lijkt ons een ideale&hellip;<\/p>\n<\/div>\n\t\n<a href=\"https:\/\/pixelfixer.nl\/site\/nu-nog-beter-vindbaar\/\" class=\"dt-btn-s dt-btn post-details details-type-btn\" aria-label=\"Read more about Nu nog beter vindbaar!\">Read article<i class=\"dt-icon-the7-arrow-03\" aria-hidden=\"true\"><\/i><\/a>\n\n<\/div><\/article><\/div><div class=\"visible wf-cell\" data-post-id=\"2941\" data-date=\"2018-01-28T16:22:34+01:00\" data-name=\"Sneller &amp; mobielvriendelijk!\"><article class=\"post project-odd visible post-2941 type-post status-publish format-standard has-post-thumbnail hentry category-nieuws tag-sneller-mobielvriendelijk-responsive-smartphone-foto-repareren-nieuwe-server category-17\" data-name=\"Sneller &#038; mobielvriendelijk!\" data-date=\"2018-01-28T16:22:34+01:00\">\n\n<div class=\"post-thumbnail-wrap\">\n\t<div class=\"post-thumbnail\">\n\t\t\n\t\t\n\t\t<a href=\"https:\/\/pixelfixer.nl\/site\/website-nu-3x-zo-snel\/\" class=\"post-thumbnail-rollover layzr-bg layzr-bg\" ><img decoding=\"async\" class=\"iso-lazy-load preload-me iso-lazy-load aspect\" src=\"data:image\/svg+xml,%3Csvg%20xmlns%3D&#39;http%3A%2F%2Fwww.w3.org%2F2000%2Fsvg&#39;%20viewBox%3D&#39;0%200%20449%20300&#39;%2F%3E\" data-src=\"https:\/\/pixelfixer.nl\/site\/wp-content\/uploads\/2018\/01\/turtlespeed3c-4x3-449x300.jpg\" data-srcset=\"https:\/\/pixelfixer.nl\/site\/wp-content\/uploads\/2018\/01\/turtlespeed3c-4x3-449x300.jpg 449w, https:\/\/pixelfixer.nl\/site\/wp-content\/uploads\/2018\/01\/turtlespeed3c-4x3-450x300.jpg 450w\" loading=\"eager\" style=\"--ratio: 449 \/ 300\" sizes=\"(max-width: 449px) 100vw, 449px\" alt=\"PixelFixer.nl is nu bijna 3x zo snel.\"  width=\"449\" height=\"300\"  \/><\/a>\t<\/div>\n<\/div>\n\n\n<div class=\"post-entry-content\">\n\n\t<h3 class=\"entry-title\">\n\t\t<a href=\"https:\/\/pixelfixer.nl\/site\/website-nu-3x-zo-snel\/\" title=\"Sneller &#038; mobielvriendelijk!\" rel=\"bookmark\">Sneller &#038; mobielvriendelijk!<\/a>\n\t<\/h3>\n\n\t<div class=\"entry-meta\"><span class=\"category-link\"><a href=\"https:\/\/pixelfixer.nl\/site\/category\/nieuws\/\" >Nieuws<\/a><\/span><a href=\"https:\/\/pixelfixer.nl\/site\/website-nu-3x-zo-snel\/#respond\" class=\"comment-link\" >Laat een reactie achter<\/a><\/div>\n\t<div class=\"entry-excerpt\"><p>Onze website is recent geheel vernieuwd, maar nu is ook de snelheid aanzienlijk verbeterd. Wij hopen dat ook u dit merkt tijdens uw bezoek! Onze website staat nu op een gloednieuwe server met ruim 4x de snelheid van onze oude trouwe server, waar wij ruim 11 jaar op konden vertrouwen en groeien. Bovendien zijn er&hellip;<\/p>\n<\/div>\n\t\n<a href=\"https:\/\/pixelfixer.nl\/site\/website-nu-3x-zo-snel\/\" class=\"dt-btn-s dt-btn post-details details-type-btn\" aria-label=\"Read more about Sneller &#038; mobielvriendelijk!\">Read article<i class=\"dt-icon-the7-arrow-03\" aria-hidden=\"true\"><\/i><\/a>\n\n<\/div><\/article><\/div><div class=\"visible wf-cell\" data-post-id=\"2711\" data-date=\"2018-01-24T15:06:16+01:00\" data-name=\"Vernieuwde Website!\"><article class=\"post project-odd visible post-2711 type-post status-publish format-standard has-post-thumbnail hentry category-nieuws tag-nieuwe-vernieuwde-website-pixelfixer-verbeterd-2018 category-17\" data-name=\"Vernieuwde Website!\" data-date=\"2018-01-24T15:06:16+01:00\">\n\n<div class=\"post-thumbnail-wrap\">\n\t<div class=\"post-thumbnail\">\n\t\t\n\t\t\n\t\t<a href=\"https:\/\/pixelfixer.nl\/site\/pixelfixer-nieuwe-website\/\" class=\"post-thumbnail-rollover layzr-bg layzr-bg\" ><img decoding=\"async\" class=\"iso-lazy-load preload-me iso-lazy-load aspect\" src=\"data:image\/svg+xml,%3Csvg%20xmlns%3D&#39;http%3A%2F%2Fwww.w3.org%2F2000%2Fsvg&#39;%20viewBox%3D&#39;0%200%20768%20512&#39;%2F%3E\" data-src=\"https:\/\/pixelfixer.nl\/site\/wp-content\/uploads\/2018\/01\/mac-733178-900px-768x512.jpg\" data-srcset=\"https:\/\/pixelfixer.nl\/site\/wp-content\/uploads\/2018\/01\/mac-733178-900px-768x512.jpg 768w, https:\/\/pixelfixer.nl\/site\/wp-content\/uploads\/2018\/01\/mac-733178-900px-897x598.jpg 897w\" loading=\"eager\" style=\"--ratio: 768 \/ 512\" sizes=\"(max-width: 768px) 100vw, 768px\" alt=\"Wij zijn PixelFixer!\" title=\"Wij zijn PixelFixer!\" width=\"768\" height=\"512\"  \/><\/a>\t<\/div>\n<\/div>\n\n\n<div class=\"post-entry-content\">\n\n\t<h3 class=\"entry-title\">\n\t\t<a href=\"https:\/\/pixelfixer.nl\/site\/pixelfixer-nieuwe-website\/\" title=\"Vernieuwde Website!\" rel=\"bookmark\">Vernieuwde Website!<\/a>\n\t<\/h3>\n\n\t<div class=\"entry-meta\"><span class=\"category-link\"><a href=\"https:\/\/pixelfixer.nl\/site\/category\/nieuws\/\" >Nieuws<\/a><\/span><a href=\"https:\/\/pixelfixer.nl\/site\/pixelfixer-nieuwe-website\/#respond\" class=\"comment-link\" >Laat een reactie achter<\/a><\/div>\n\t<div class=\"entry-excerpt\"><p>PixelFixer.nl bestaat dit jaar maar liefst 12 jaar! Dat vieren we alvast met een mooie nieuwe website. Ook het bestelsysteem heeft, naast een nieuw jasje, ook talloze verbeteringen onder de motorkap. Laat ons weten wat u ervan vindt! PixelFixer werd in 2006 door Erich Schotborgh officieel opgericht. Gedurende en voor zijn studie Bedrijfskunde aan de&hellip;<\/p>\n<\/div>\n\t\n<a href=\"https:\/\/pixelfixer.nl\/site\/pixelfixer-nieuwe-website\/\" class=\"dt-btn-s dt-btn post-details details-type-btn\" aria-label=\"Read more about Vernieuwde Website!\">Read article<i class=\"dt-icon-the7-arrow-03\" aria-hidden=\"true\"><\/i><\/a>\n\n<\/div><\/article><\/div><\/div><!-- iso-container|iso-grid --><div class=\"paginator paginator-more-button\">\n\t\t\t\t<a class=\"button-load-more \" href=\"javascript:void(0);\" data-dt-page=\"1\" ><span class=\"stick\"><\/span><span class=\"stick\"><\/span><span class=\"stick\"><\/span><span class=\"button-caption\">Laadt meer<\/span><\/a>\n\t\t\t<\/div><\/div>[\/vc_column][\/vc_row]<\/p>\n","protected":false},"excerpt":{"rendered":"<p>[vc_row][vc_column][\/vc_column][\/vc_row]<\/p>\n","protected":false},"author":1,"featured_media":0,"parent":0,"menu_order":45,"comment_status":"closed","ping_status":"closed","template":"","meta":{"footnotes":""},"class_list":["post-306","page","type-page","status-publish","hentry","description-off"],"_links":{"self":[{"href":"https:\/\/pixelfixer.nl\/site\/wp-json\/wp\/v2\/pages\/306","targetHints":{"allow":["GET"]}}],"collection":[{"href":"https:\/\/pixelfixer.nl\/site\/wp-json\/wp\/v2\/pages"}],"about":[{"href":"https:\/\/pixelfixer.nl\/site\/wp-json\/wp\/v2\/types\/page"}],"author":[{"embeddable":true,"href":"https:\/\/pixelfixer.nl\/site\/wp-json\/wp\/v2\/users\/1"}],"replies":[{"embeddable":true,"href":"https:\/\/pixelfixer.nl\/site\/wp-json\/wp\/v2\/comments?post=306"}],"version-history":[{"count":0,"href":"https:\/\/pixelfixer.nl\/site\/wp-json\/wp\/v2\/pages\/306\/revisions"}],"wp:attachment":[{"href":"https:\/\/pixelfixer.nl\/site\/wp-json\/wp\/v2\/media?parent=306"}],"curies":[{"name":"wp","href":"https:\/\/api.w.org\/{rel}","templated":true}]}}